{"id":929,"date":"2022-11-07T13:43:35","date_gmt":"2022-11-07T12:43:35","guid":{"rendered":"http:\/\/www.holzundnatursteine.ch\/?page_id=929"},"modified":"2025-10-30T15:55:44","modified_gmt":"2025-10-30T14:55:44","slug":"granit-verarbeitungsarten","status":"publish","type":"page","link":"https:\/\/www.holzundnatursteine.ch\/?page_id=929","title":{"rendered":"Granit Verarbeitungsarten"},"content":{"rendered":"\n<h2 class=\"wp-block-heading\"><strong>Welches sind die Vorteile vom Gebrauch von Granit?<\/strong><\/h2>\n\n\n\n<p>Granit ist ein 100% nat\u00fcrliches Material und dank seiner Eigenschaften ist er bekannt als unsterbliches Material. Seine aussergew\u00f6hnliche Robustheit, wie auch seine Resistenz gegen Wetterbedingungen (Verwitterung), S\u00e4uren und seine Ladef\u00e4higkeit, machen aus ihm eines der widerstandsf\u00e4higsten Materialien f\u00fcr Konstruktionen und wird seit Jahrhunderten auf der ganzen Welt verwendet.<\/p>\n\n\n\n<p>Ein nat\u00fcrlicher Vorteil des Granits ist seine F\u00e4higkeit die W\u00e4rme zu speichern.<\/p>\n\n\n\n<p>Verwendet f\u00fcr den Bodenbelag ist Granit ideal mit einer Fussbodenheizung, da es die W\u00e4rme h\u00e4lt und langsam wieder abgibt und somit erlaubt Energie zu sparen.<\/p>\n\n\n\n<p><\/p>\n\n\n\n<h3 class=\"wp-block-heading\"><strong>Welche Vearbeitungsarten gibt es?<\/strong><\/h3>\n\n\n\n<div class=\"wp-block-media-text alignwide is-stacked-on-mobile\"><figure class=\"wp-block-media-text__media\"><a href=\"https:\/\/www.holzundnatursteine.ch\/wp-content\/uploads\/2022\/11\/csm_bocciardo_57203e93c7.jpg\"><img loading=\"lazy\" decoding=\"async\" width=\"1024\" height=\"683\" src=\"https:\/\/www.holzundnatursteine.ch\/wp-content\/uploads\/2022\/11\/csm_bocciardo_57203e93c7-1024x683.jpg\" alt=\"\" class=\"wp-image-941 size-full\" srcset=\"https:\/\/www.holzundnatursteine.ch\/wp-content\/uploads\/2022\/11\/csm_bocciardo_57203e93c7-1024x683.jpg 1024w, https:\/\/www.holzundnatursteine.ch\/wp-content\/uploads\/2022\/11\/csm_bocciardo_57203e93c7-300x200.jpg 300w, https:\/\/www.holzundnatursteine.ch\/wp-content\/uploads\/2022\/11\/csm_bocciardo_57203e93c7-768x512.jpg 768w, https:\/\/www.holzundnatursteine.ch\/wp-content\/uploads\/2022\/11\/csm_bocciardo_57203e93c7.jpg 1200w\" sizes=\"auto, (max-width: 1024px) 100vw, 1024px\" \/><\/a><\/figure><div class=\"wp-block-media-text__content\">\n<h2 class=\"wp-block-heading\">Gestockt<\/h2>\n\n\n\n<p>Die Verarbeitung wird mit pneumatischen Hammerndurchgef\u00fchrt, um die Oberfl\u00e4che rau zu machen aber mit einem regul\u00e4ren Abdruck. Hochwertige Verarbeitung, eignet sich f\u00fcr Aussen-Arbeiten und f\u00fcr Spalten.<\/p>\n<\/div><\/div>\n\n\n\n<p><\/p>\n\n\n\n<div class=\"wp-block-media-text alignwide is-stacked-on-mobile\"><figure class=\"wp-block-media-text__media\"><a href=\"https:\/\/www.holzundnatursteine.ch\/wp-content\/uploads\/2022\/11\/csm_fresato_e53950b6b3.jpg\"><img loading=\"lazy\" decoding=\"async\" width=\"1024\" height=\"683\" src=\"https:\/\/www.holzundnatursteine.ch\/wp-content\/uploads\/2022\/11\/csm_fresato_e53950b6b3-1024x683.jpg\" alt=\"\" class=\"wp-image-950 size-full\" srcset=\"https:\/\/www.holzundnatursteine.ch\/wp-content\/uploads\/2022\/11\/csm_fresato_e53950b6b3-1024x683.jpg 1024w, https:\/\/www.holzundnatursteine.ch\/wp-content\/uploads\/2022\/11\/csm_fresato_e53950b6b3-300x200.jpg 300w, https:\/\/www.holzundnatursteine.ch\/wp-content\/uploads\/2022\/11\/csm_fresato_e53950b6b3-768x512.jpg 768w, https:\/\/www.holzundnatursteine.ch\/wp-content\/uploads\/2022\/11\/csm_fresato_e53950b6b3.jpg 1200w\" sizes=\"auto, (max-width: 1024px) 100vw, 1024px\" \/><\/a><\/figure><div class=\"wp-block-media-text__content\">\n<h2 class=\"wp-block-heading\">Glatt<\/h2>\n\n\n\n<p>Er wird durch den Schnitt mit der Diamantscheibe erhalten. Der erste Step von der Verarbeitung des Granits, der die Oberfl\u00e4che glatt macht. Geeignet f\u00fcr Schwellen, Fensterbretter und Aussenarbeiten.<\/p>\n<\/div><\/div>\n\n\n\n<p><\/p>\n\n\n\n<div class=\"wp-block-media-text alignwide is-stacked-on-mobile\"><figure class=\"wp-block-media-text__media\"><a href=\"https:\/\/www.holzundnatursteine.ch\/wp-content\/uploads\/2022\/11\/csm_fiammatooo_982f888775.jpg\"><img loading=\"lazy\" decoding=\"async\" width=\"1024\" height=\"683\" src=\"https:\/\/www.holzundnatursteine.ch\/wp-content\/uploads\/2022\/11\/csm_fiammatooo_982f888775-1024x683.jpg\" alt=\"\" class=\"wp-image-964 size-full\" srcset=\"https:\/\/www.holzundnatursteine.ch\/wp-content\/uploads\/2022\/11\/csm_fiammatooo_982f888775-1024x683.jpg 1024w, https:\/\/www.holzundnatursteine.ch\/wp-content\/uploads\/2022\/11\/csm_fiammatooo_982f888775-300x200.jpg 300w, https:\/\/www.holzundnatursteine.ch\/wp-content\/uploads\/2022\/11\/csm_fiammatooo_982f888775-768x512.jpg 768w, https:\/\/www.holzundnatursteine.ch\/wp-content\/uploads\/2022\/11\/csm_fiammatooo_982f888775.jpg 1200w\" sizes=\"auto, (max-width: 1024px) 100vw, 1024px\" \/><\/a><\/figure><div class=\"wp-block-media-text__content\">\n<h2 class=\"wp-block-heading\">Geflammt<\/h2>\n\n\n\n<p>Er wird durch den Schnitt mit der Diamantscheibe erhalten. Der Dank der Verbrennung von Sauerstoff und Propan, verbrennt der enthaltene Quarz im Gneis (den, den wir generell Granit nennen) bei 800 Grad um die Oberfl\u00e4che rau zu machen. Empfehlenswert f\u00fcr rustikalisches Ambiente draussen.<\/p>\n<\/div><\/div>\n\n\n\n<p><\/p>\n\n\n\n<div class=\"wp-block-media-text alignwide is-stacked-on-mobile\"><figure class=\"wp-block-media-text__media\"><a href=\"https:\/\/www.holzundnatursteine.ch\/wp-content\/uploads\/2022\/11\/csm_punta_66c9ab5b61.jpg\"><img loading=\"lazy\" decoding=\"async\" width=\"1024\" height=\"683\" src=\"https:\/\/www.holzundnatursteine.ch\/wp-content\/uploads\/2022\/11\/csm_punta_66c9ab5b61-1024x683.jpg\" alt=\"\" class=\"wp-image-968 size-full\" srcset=\"https:\/\/www.holzundnatursteine.ch\/wp-content\/uploads\/2022\/11\/csm_punta_66c9ab5b61-1024x683.jpg 1024w, https:\/\/www.holzundnatursteine.ch\/wp-content\/uploads\/2022\/11\/csm_punta_66c9ab5b61-300x200.jpg 300w, https:\/\/www.holzundnatursteine.ch\/wp-content\/uploads\/2022\/11\/csm_punta_66c9ab5b61-768x512.jpg 768w, https:\/\/www.holzundnatursteine.ch\/wp-content\/uploads\/2022\/11\/csm_punta_66c9ab5b61.jpg 1200w\" sizes=\"auto, (max-width: 1024px) 100vw, 1024px\" \/><\/a><\/figure><div class=\"wp-block-media-text__content\">\n<h2 class=\"wp-block-heading\">Gestochen<\/h2>\n\n\n\n<p>Handwerkliche Verarbeitung, die mit Skalpell durchgef\u00fchrt wird. Diese Verarbeitung ist sehr grob und eignet sich hervorragend f\u00fcr Draussen und Abdeckungen (Fertigbearbeitung der Aussenw\u00e4nde).<\/p>\n<\/div><\/div>\n\n\n\n<p><\/p>\n\n\n\n<div class=\"wp-block-media-text alignwide is-stacked-on-mobile\"><figure class=\"wp-block-media-text__media\"><a href=\"https:\/\/www.holzundnatursteine.ch\/wp-content\/uploads\/2022\/11\/csm_spazzolato_1fcda51cf5.jpg\"><img loading=\"lazy\" decoding=\"async\" width=\"1024\" height=\"683\" src=\"https:\/\/www.holzundnatursteine.ch\/wp-content\/uploads\/2022\/11\/csm_spazzolato_1fcda51cf5-1024x683.jpg\" alt=\"\" class=\"wp-image-979 size-full\" srcset=\"https:\/\/www.holzundnatursteine.ch\/wp-content\/uploads\/2022\/11\/csm_spazzolato_1fcda51cf5-1024x683.jpg 1024w, https:\/\/www.holzundnatursteine.ch\/wp-content\/uploads\/2022\/11\/csm_spazzolato_1fcda51cf5-300x200.jpg 300w, https:\/\/www.holzundnatursteine.ch\/wp-content\/uploads\/2022\/11\/csm_spazzolato_1fcda51cf5-768x512.jpg 768w, https:\/\/www.holzundnatursteine.ch\/wp-content\/uploads\/2022\/11\/csm_spazzolato_1fcda51cf5.jpg 1200w\" sizes=\"auto, (max-width: 1024px) 100vw, 1024px\" \/><\/a><\/figure><div class=\"wp-block-media-text__content\">\n<h2 class=\"wp-block-heading\">Geb\u00fcrstet<\/h2>\n\n\n\n<p style=\"font-size:14px\">Handwerkliche Verarbeitung, die mit Skalpell durchgef\u00fchrt wird. Er wird durch das Reiben der B\u00fcrsten auf einer rauen Oberfl\u00e4che (geflammt oder gestockt) mit hoher Geschwindigkeit erhalten. F\u00fcr das Auge ist die Oberfl\u00e4che rau aber beim Tasten ist sie weich. Die Verarbeitung der letzten Generation eignet sich f\u00fcr moderne und rustikalische Innen\u2013 und Aussenambiente. Leicht zu pflegen und empfehlenswert f\u00fcr B\u00f6den, Bogeng\u00e4nge und die Kanten eines Schwimmbads.<\/p>\n<\/div><\/div>\n\n\n\n<p><\/p>\n\n\n\n<div class=\"wp-block-media-text alignwide is-stacked-on-mobile\"><figure class=\"wp-block-media-text__media\"><a href=\"https:\/\/www.holzundnatursteine.ch\/wp-content\/uploads\/2022\/11\/csm_segato_e996d43af6.jpg\"><img loading=\"lazy\" decoding=\"async\" width=\"1024\" height=\"683\" src=\"https:\/\/www.holzundnatursteine.ch\/wp-content\/uploads\/2022\/11\/csm_segato_e996d43af6-1024x683.jpg\" alt=\"\" class=\"wp-image-984 size-full\" srcset=\"https:\/\/www.holzundnatursteine.ch\/wp-content\/uploads\/2022\/11\/csm_segato_e996d43af6-1024x683.jpg 1024w, https:\/\/www.holzundnatursteine.ch\/wp-content\/uploads\/2022\/11\/csm_segato_e996d43af6-300x200.jpg 300w, https:\/\/www.holzundnatursteine.ch\/wp-content\/uploads\/2022\/11\/csm_segato_e996d43af6-768x512.jpg 768w, https:\/\/www.holzundnatursteine.ch\/wp-content\/uploads\/2022\/11\/csm_segato_e996d43af6.jpg 1200w\" sizes=\"auto, (max-width: 1024px) 100vw, 1024px\" \/><\/a><\/figure><div class=\"wp-block-media-text__content\">\n<h2 class=\"wp-block-heading\">Ges\u00e4gt<\/h2>\n\n\n\n<p>Die Verarbeitung wird mit Rahmen durchgef\u00fchrt. Die Oberfl\u00e4che ist leicht rau um die Besonderheiten des Naturstein hervorzuheben und ist f\u00fcr Draussen geeignet.<\/p>\n<\/div><\/div>\n\n\n\n<p><\/p>\n\n\n\n<div class=\"wp-block-media-text alignwide is-stacked-on-mobile\"><figure class=\"wp-block-media-text__media\"><a href=\"https:\/\/www.holzundnatursteine.ch\/wp-content\/uploads\/2022\/11\/csm_lucido_c54ef8f85e.jpg\"><img loading=\"lazy\" decoding=\"async\" width=\"1024\" height=\"683\" src=\"https:\/\/www.holzundnatursteine.ch\/wp-content\/uploads\/2022\/11\/csm_lucido_c54ef8f85e-1024x683.jpg\" alt=\"\" class=\"wp-image-987 size-full\" srcset=\"https:\/\/www.holzundnatursteine.ch\/wp-content\/uploads\/2022\/11\/csm_lucido_c54ef8f85e-1024x683.jpg 1024w, https:\/\/www.holzundnatursteine.ch\/wp-content\/uploads\/2022\/11\/csm_lucido_c54ef8f85e-300x200.jpg 300w, https:\/\/www.holzundnatursteine.ch\/wp-content\/uploads\/2022\/11\/csm_lucido_c54ef8f85e-768x512.jpg 768w, https:\/\/www.holzundnatursteine.ch\/wp-content\/uploads\/2022\/11\/csm_lucido_c54ef8f85e.jpg 1200w\" sizes=\"auto, (max-width: 1024px) 100vw, 1024px\" \/><\/a><\/figure><div class=\"wp-block-media-text__content\">\n<h2 class=\"wp-block-heading\">Poliert<\/h2>\n\n\n\n<p>Durch den Durchgang von speziellen B\u00fcrsten aus Hart-Metall (sehr hartes Material, \u00e4hnlich wie Diamant) wird die Oberfl\u00e4che immer glatter bis sie gl\u00e4nzt. Empfehlenswert f\u00fcr Innenfl\u00e4che wie B\u00f6den, Beschichtung der B\u00e4der, Kamine, Treppen, K\u00fcchenplatten und B\u00e4der.<\/p>\n<\/div><\/div>\n","protected":false},"excerpt":{"rendered":"<p>Welches sind die Vorteile vom Gebrauch von Granit? Granit ist ein 100% nat\u00fcrliches Material und dank seiner Eigenschaften ist er bekannt als unsterbliches Material. Seine&hellip;<\/p>\n","protected":false},"author":3,"featured_media":0,"parent":0,"menu_order":0,"comment_status":"closed","ping_status":"closed","template":"","meta":{"footnotes":""},"class_list":["post-929","page","type-page","status-publish","hentry"],"_links":{"self":[{"href":"https:\/\/www.holzundnatursteine.ch\/index.php?rest_route=\/wp\/v2\/pages\/929","targetHints":{"allow":["GET"]}}],"collection":[{"href":"https:\/\/www.holzundnatursteine.ch\/index.php?rest_route=\/wp\/v2\/pages"}],"about":[{"href":"https:\/\/www.holzundnatursteine.ch\/index.php?rest_route=\/wp\/v2\/types\/page"}],"author":[{"embeddable":true,"href":"https:\/\/www.holzundnatursteine.ch\/index.php?rest_route=\/wp\/v2\/users\/3"}],"replies":[{"embeddable":true,"href":"https:\/\/www.holzundnatursteine.ch\/index.php?rest_route=%2Fwp%2Fv2%2Fcomments&post=929"}],"version-history":[{"count":36,"href":"https:\/\/www.holzundnatursteine.ch\/index.php?rest_route=\/wp\/v2\/pages\/929\/revisions"}],"predecessor-version":[{"id":2522,"href":"https:\/\/www.holzundnatursteine.ch\/index.php?rest_route=\/wp\/v2\/pages\/929\/revisions\/2522"}],"wp:attachment":[{"href":"https:\/\/www.holzundnatursteine.ch\/index.php?rest_route=%2Fwp%2Fv2%2Fmedia&parent=929"}],"curies":[{"name":"wp","href":"https:\/\/api.w.org\/{rel}","templated":true}]}}