{"id":80,"date":"2014-10-16T13:08:53","date_gmt":"2014-10-16T11:08:53","guid":{"rendered":"http:\/\/www.holzundnatursteine.ch\/?page_id=80"},"modified":"2024-01-29T16:18:24","modified_gmt":"2024-01-29T15:18:24","slug":"impressum","status":"publish","type":"page","link":"https:\/\/www.holzundnatursteine.ch\/?page_id=80","title":{"rendered":"Impressum"},"content":{"rendered":"<p><span class=\"titel\"><strong>Anbieter<\/strong>:<\/span> Jucker Holz- und Natursteinhandel GmbH<br \/>\nEschmattstrasse 10<br \/>\n8498 Gibswil ZH \/ Schweiz<br \/>\nTel. 0041 (0) 52 386 17 26<\/p>\n<p><strong>Herzlich willkommen! <\/strong><br \/>\nDer Schutz Ihrer Privatsph\u00e4re bei der Nutzung unserer Webseite ist uns wichtig. Daher nehmen Sie bitte nachstehende Informationen zur Kenntnis:<\/p>\n<p><strong>DATENSCHUTZERKL\u00c4RUNG \/ HAFTUNGSHINWEIS \/ DISCLAIMER <\/strong><\/p>\n<p><strong>Haftungshinweis: <\/strong>Trotz sorgf\u00e4ltiger inhaltlicher Kontrolle und langj\u00e4hriger Erfahrung \u00fcbernehmen wir keine Haftung f\u00fcr die Inhalte wie auch f\u00fcr die Inhalte externer Links. F\u00fcr den Inhalt der verlinkten Seiten sind ausschlie\u00dflich deren Betreiber verantwortlich.<\/p>\n<p><strong>Copyright:<\/strong><br \/>\n\u00a9 2024 by Jucker Holz- und Natursteinhandel GmbH, CH-8498 Gibswil ZH<br \/>\nDie Wiedergabe von Texten und Bildern, auch auszugsweise oder in Ausschnitten, ist nur mit Genehmigung der<br \/>\nJucker Holz- und Natursteinhandel GmbH erlaubt.<\/p>\n<p>Alle Rechte vorbehalten. Die Inhalte dieser Webseite dienen zu Ihrer Information. Die \u00dcbernahme und Nutzung der Daten zu anderen Zwecken bedarf der schriftlichen Zustimmung von Jucker Holz- und Natursteinhandel GmbH.<\/p>\n<p><strong>Anonyme Datenerhebung <\/strong><br \/>\nSie k\u00f6nnen unsere Webseite grunds\u00e4tzlich besuchen, ohne uns mitzuteilen, wer Sie sind. Wir erfahren nur den Namen Ihres Internetservice-Providers, die Webseite, von der aus Sie uns besuchen, und die Webseiten, die Sie bei uns besuchen. Diese Informationen werden zu statistischen Zwecken ausgewertet. Sie bleiben als einzelner Nutzer hierbei anonym.<br \/>\n<strong><br \/>\nErhebung und Verarbeitung personenbezogener Daten <\/strong><br \/>\nPersonenbezogene Daten werden nur erhoben, wenn Sie uns diese von sich aus, zum Beispiel zur Registrierung personalisierter Dienste, mitteilen. Im Rahmen der personalisierten Dienste werden Ihre Registrierungsdaten unter der Voraussetzung Ihrer Einwilligung zum Zwecke von Werbung und Marktforschung sowie zur bedarfsgerechten Gestaltung elektronischer Dienste verarbeitet.<br \/>\n<strong><br \/>\nNutzung und Weitergabe personenbezogener Daten <\/strong><br \/>\nEs findet keine Weitergabe Ihrer Daten an Dritte statt. Ihre jeweilige Einwilligung k\u00f6nnen Sie selbstverst\u00e4ndlich jederzeit mit Wirkung f\u00fcr die Zukunft widerrufen.<\/p>\n<p><strong>Cookie-Information<\/strong><br \/>\nDiese Website verwendet Cookies. Cookies sind kleine Textdateien, die beim Besuch dieser Website in Ihrem Computer dauerhaft oder tempor\u00e4r gespeichert werden. In Ihrem Browser k\u00f6nnen Sie Cookies in den Einstellungen jederzeit ganz oder teilweise deaktivieren. Bei deaktivierten Cookies stehen Ihnen allenfalls nicht mehr alle Funktionen dieser Website zur Verf\u00fcgung. Sollten Sie die Website nutzen, ohne Ihre Einstellungen bez\u00fcglich Cookies angepasst zu haben, werten wir dies als Einverst\u00e4ndniserkl\u00e4rung zu den verwendeten Cookies. Sie k\u00f6nnen Ihre Einstellungen jederzeit \u00e4ndern.<\/p>\n<p><strong>Externe Links <\/strong><br \/>\nZu Ihrer optimalen Information finden Sie auf unseren Seiten Links, die auf Seiten Dritter verweisen. Soweit diese nicht offensichtlich erkennbar sind, weisen wir Sie darauf hin, dass es sich um einen externen Link handelt. Wir haben keinerlei Einfluss auf den Inhalt und die Gestaltung dieser Seiten anderer Anbieter. Die Garantien dieser Datenschutzerkl\u00e4rung gelten daher selbstverst\u00e4ndlich dort nicht.<\/p>\n<p><strong>Weitere Informationen und Kontakte <\/strong><br \/>\nWenn Sie weitere Fragen zum Thema des Datenschutzes bei uns haben, wenden Sie sich bitte direkt an uns. Die Kontaktadresse finden Sie oben auf dieser Seite. Dort k\u00f6nnen Sie erfragen, welche Ihrer Daten bei uns gespeichert sind. Dar\u00fcber hinaus k\u00f6nnen Sie Ausk\u00fcnfte, L\u00f6schungs- und Berichtigungsw\u00fcnsche zu Ihren Daten und gerne auch Anregungen jederzeit per E-Mail oder Brief an uns senden. Die komplette Adresse von uns finden Sie ebenfalls oben auf dieser Seite.<br \/>\n<strong><br \/>\nKeine Abmahnung ohne den vorherigen Kontakt zu uns! <\/strong><br \/>\nSollten durch die Aufmachung oder den Inhalt dies Internetseite Rechte Dritter oder gesetzliche Bestimmungen verletzt worden sein, so bitten wir Sie um eine entsprechende Nachricht ohne Kostennote. Wir garantieren die unverz\u00fcgliche Entfernung der zu Recht beanstandeten Passagen, ohne dass die Einschaltung eines Rechtbeistandes von Ihnen aus erforderlich ist. Sollten dennoch von Ihnen Kosten ausgel\u00f6st werden, ohne dass vorher eine Kontaktaufnahme mit uns erfolgt ist, werden wir diese voll umf\u00e4nglich zur\u00fcckweisen. Gegebenenfalls werden wir wegen Verletzung vorgenannter Bestimmungen Widerklage einreichen.<\/p>\n<p><strong>Wir danken f\u00fcr Ihr Verst\u00e4ndnis.<\/strong><\/p>\n","protected":false},"excerpt":{"rendered":"<p>Anbieter: Jucker Holz- und Natursteinhandel GmbH Eschmattstrasse 10 8498 Gibswil ZH \/ Schweiz Tel. 0041 (0) 52 386 17 26 Herzlich willkommen! Der Schutz Ihrer&hellip;<\/p>\n","protected":false},"author":1,"featured_media":0,"parent":0,"menu_order":0,"comment_status":"closed","ping_status":"closed","template":"","meta":{"footnotes":""},"class_list":["post-80","page","type-page","status-publish","hentry"],"_links":{"self":[{"href":"https:\/\/www.holzundnatursteine.ch\/index.php?rest_route=\/wp\/v2\/pages\/80","targetHints":{"allow":["GET"]}}],"collection":[{"href":"https:\/\/www.holzundnatursteine.ch\/index.php?rest_route=\/wp\/v2\/pages"}],"about":[{"href":"https:\/\/www.holzundnatursteine.ch\/index.php?rest_route=\/wp\/v2\/types\/page"}],"author":[{"embeddable":true,"href":"https:\/\/www.holzundnatursteine.ch\/index.php?rest_route=\/wp\/v2\/users\/1"}],"replies":[{"embeddable":true,"href":"https:\/\/www.holzundnatursteine.ch\/index.php?rest_route=%2Fwp%2Fv2%2Fcomments&post=80"}],"version-history":[{"count":13,"href":"https:\/\/www.holzundnatursteine.ch\/index.php?rest_route=\/wp\/v2\/pages\/80\/revisions"}],"predecessor-version":[{"id":1288,"href":"https:\/\/www.holzundnatursteine.ch\/index.php?rest_route=\/wp\/v2\/pages\/80\/revisions\/1288"}],"wp:attachment":[{"href":"https:\/\/www.holzundnatursteine.ch\/index.php?rest_route=%2Fwp%2Fv2%2Fmedia&parent=80"}],"curies":[{"name":"wp","href":"https:\/\/api.w.org\/{rel}","templated":true}]}}