{"id":1178,"date":"2023-11-28T21:09:55","date_gmt":"2023-11-28T20:09:55","guid":{"rendered":"https:\/\/www.holzundnatursteine.ch\/?page_id=1178"},"modified":"2025-01-30T08:54:11","modified_gmt":"2025-01-30T07:54:11","slug":"preisanfrage-2","status":"publish","type":"page","link":"https:\/\/www.holzundnatursteine.ch\/?page_id=1178","title":{"rendered":"Preisanfrage \/ Bestellung"},"content":{"rendered":"<div class=\"wpforms-container wpforms-container-full wpforms-block wpforms-block-eebfbd27-ede3-46fa-8450-36298a87e33f wpforms-render-modern\" id=\"wpforms-1172\"><form id=\"wpforms-form-1172\" class=\"wpforms-validate wpforms-form wpforms-ajax-form\" data-formid=\"1172\" method=\"post\" enctype=\"multipart\/form-data\" action=\"\/index.php?rest_route=%2Fwp%2Fv2%2Fpages%2F1178\" data-token=\"5f78ad0a634c3fd702b014f48f910791\" data-token-time=\"1776858809\"><noscript class=\"wpforms-error-noscript\">Bitte aktiviere JavaScript in deinem Browser, um dieses Formular fertigzustellen.<\/noscript><div id=\"wpforms-error-noscript\" style=\"display: none;\">Bitte aktiviere JavaScript in deinem Browser, um dieses Formular fertigzustellen.<\/div><div class=\"wpforms-field-container\"><div id=\"wpforms-1172-field_18-container\" class=\"wpforms-field wpforms-field-checkbox\" data-field-id=\"18\"><fieldset><legend class=\"wpforms-field-label\">Preisanfrage \/ Bestellung <span class=\"wpforms-required-label\" aria-hidden=\"true\">*<\/span><\/legend><ul id=\"wpforms-1172-field_18\" class=\"wpforms-field-required\" data-choice-limit=\"1\"><li class=\"choice-1 depth-1\"><input type=\"checkbox\" id=\"wpforms-1172-field_18_1\" data-rule-check-limit=\"true\" name=\"wpforms[fields][18][]\" value=\"Preisanfrage\" aria-errormessage=\"wpforms-1172-field_18_1-error\" aria-describedby=\"wpforms-1172-field_18-description\" required ><label class=\"wpforms-field-label-inline\" for=\"wpforms-1172-field_18_1\">Preisanfrage<\/label><\/li><li class=\"choice-2 depth-1\"><input type=\"checkbox\" id=\"wpforms-1172-field_18_2\" data-rule-check-limit=\"true\" name=\"wpforms[fields][18][]\" value=\"Bestellung\" aria-errormessage=\"wpforms-1172-field_18_2-error\" aria-describedby=\"wpforms-1172-field_18-description\" required ><label class=\"wpforms-field-label-inline\" for=\"wpforms-1172-field_18_2\">Bestellung<\/label><\/li><\/ul><div id=\"wpforms-1172-field_18-description\" class=\"wpforms-field-description\">Bitte w\u00e4hlen Sie aus: M\u00f6chten Sie eine Preisanfrage stellen oder eine Bestellung aufgeben? Setzen Sie dazu das H\u00e4kchen bei der gew\u00fcnschten Option.<\/div><\/fieldset><\/div><div id=\"wpforms-1172-field_1-container\" class=\"wpforms-field wpforms-field-name\" data-field-id=\"1\"><fieldset><legend class=\"wpforms-field-label\">Vorname, Nachname <span class=\"wpforms-required-label\" aria-hidden=\"true\">*<\/span><\/legend><div class=\"wpforms-field-row wpforms-field-medium\"><div class=\"wpforms-field-row-block wpforms-first wpforms-one-half\"><input type=\"text\" id=\"wpforms-1172-field_1\" class=\"wpforms-field-name-first wpforms-field-required\" name=\"wpforms[fields][1][first]\" aria-errormessage=\"wpforms-1172-field_1-error\" required><label for=\"wpforms-1172-field_1\" class=\"wpforms-field-sublabel after\">Vorname<\/label><\/div><div class=\"wpforms-field-row-block wpforms-one-half\"><input type=\"text\" id=\"wpforms-1172-field_1-last\" class=\"wpforms-field-name-last wpforms-field-required\" name=\"wpforms[fields][1][last]\" aria-errormessage=\"wpforms-1172-field_1-last-error\" required><label for=\"wpforms-1172-field_1-last\" class=\"wpforms-field-sublabel after\">Nachname<\/label><\/div><\/div><\/fieldset><\/div><div id=\"wpforms-1172-field_4-container\" class=\"wpforms-field wpforms-field-text\" data-field-id=\"4\"><label class=\"wpforms-field-label\" for=\"wpforms-1172-field_4\">Firma: (optional)<\/label><input type=\"text\" id=\"wpforms-1172-field_4\" class=\"wpforms-field-medium\" name=\"wpforms[fields][4]\" aria-errormessage=\"wpforms-1172-field_4-error\" ><\/div><div id=\"wpforms-1172-field_5-container\" class=\"wpforms-field wpforms-field-text\" data-field-id=\"5\"><label class=\"wpforms-field-label\" for=\"wpforms-1172-field_5\">Strasse &amp; Hausnummer: <span class=\"wpforms-required-label\" aria-hidden=\"true\">*<\/span><\/label><input type=\"text\" id=\"wpforms-1172-field_5\" class=\"wpforms-field-medium wpforms-field-required\" name=\"wpforms[fields][5]\" aria-errormessage=\"wpforms-1172-field_5-error\" required><\/div><div id=\"wpforms-1172-field_16-container\" class=\"wpforms-field wpforms-field-text\" data-field-id=\"16\"><label class=\"wpforms-field-label\" for=\"wpforms-1172-field_16\">Postleitzahl: <span class=\"wpforms-required-label\" aria-hidden=\"true\">*<\/span><\/label><input type=\"text\" id=\"wpforms-1172-field_16\" class=\"wpforms-field-medium wpforms-field-required wpforms-masked-input\" data-rule-inputmask-incomplete=\"1\" data-inputmask-mask=\"9999\" name=\"wpforms[fields][16]\" aria-errormessage=\"wpforms-1172-field_16-error\" required><\/div>\t\t<div id=\"wpforms-1172-field_2-container\"\n\t\t\tclass=\"wpforms-field wpforms-field-text\"\n\t\t\tdata-field-type=\"text\"\n\t\t\tdata-field-id=\"2\"\n\t\t\t>\n\t\t\t<label class=\"wpforms-field-label\" for=\"wpforms-1172-field_2\" >hier Preisanfrage Firma:<\/label>\n\t\t\t<input type=\"text\" id=\"wpforms-1172-field_2\" class=\"wpforms-field-medium\" name=\"wpforms[fields][2]\" >\n\t\t<\/div>\n\t\t<div id=\"wpforms-1172-field_8-container\" class=\"wpforms-field wpforms-field-text\" data-field-id=\"8\"><label class=\"wpforms-field-label\" for=\"wpforms-1172-field_8\">Wohnort: <span class=\"wpforms-required-label\" aria-hidden=\"true\">*<\/span><\/label><input type=\"text\" id=\"wpforms-1172-field_8\" class=\"wpforms-field-medium wpforms-field-required\" name=\"wpforms[fields][8]\" aria-errormessage=\"wpforms-1172-field_8-error\" required><\/div><div id=\"wpforms-1172-field_17-container\" class=\"wpforms-field wpforms-field-text\" data-field-id=\"17\"><label class=\"wpforms-field-label\" for=\"wpforms-1172-field_17\">Telefon-Nr: <span class=\"wpforms-required-label\" aria-hidden=\"true\">*<\/span><\/label><input type=\"text\" id=\"wpforms-1172-field_17\" class=\"wpforms-field-medium wpforms-field-required wpforms-masked-input\" data-rule-inputmask-incomplete=\"1\" data-inputmask-mask=\"999 999 99 99\" name=\"wpforms[fields][17]\" aria-errormessage=\"wpforms-1172-field_17-error\" aria-describedby=\"wpforms-1172-field_17-description\" required><div id=\"wpforms-1172-field_17-description\" class=\"wpforms-field-description\">Zum Beispiel: 079 XXX XX XX<\/div><\/div><div id=\"wpforms-1172-field_15-container\" class=\"wpforms-field wpforms-field-email\" data-field-id=\"15\"><label class=\"wpforms-field-label\" for=\"wpforms-1172-field_15\">E-Mail-Adresse <span class=\"wpforms-required-label\" aria-hidden=\"true\">*<\/span><\/label><input type=\"email\" id=\"wpforms-1172-field_15\" class=\"wpforms-field-medium wpforms-field-required\" name=\"wpforms[fields][15]\" spellcheck=\"false\" aria-errormessage=\"wpforms-1172-field_15-error\" required><\/div><div id=\"wpforms-1172-field_11-container\" class=\"wpforms-field wpforms-field-textarea\" data-field-id=\"11\"><label class=\"wpforms-field-label\" for=\"wpforms-1172-field_11\"> Beschreiben sie hier was sie ben\u00f6tigen: <span class=\"wpforms-required-label\" aria-hidden=\"true\">*<\/span><\/label><textarea id=\"wpforms-1172-field_11\" class=\"wpforms-field-medium wpforms-field-required\" name=\"wpforms[fields][11]\" aria-errormessage=\"wpforms-1172-field_11-error\" aria-describedby=\"wpforms-1172-field_11-description\" required><\/textarea><div id=\"wpforms-1172-field_11-description\" class=\"wpforms-field-description\">Wir ben\u00f6tigen folgende angaben: (Produkt, Herkunft, verarbeitungsart, Gr\u00f6sse, Menge) Zum Beispiel: Granitsteinbl\u00f6cke, Polen, 4 Seiten ges\u00e4gt, 2 Seiten gebrochen, 50&#215;50 cm 60-160 cm l\u00e4nge 23 Tonnen.<\/div><\/div><div id=\"wpforms-1172-field_12-container\" class=\"wpforms-field wpforms-field-checkbox\" data-field-id=\"12\"><fieldset><legend class=\"wpforms-field-label\">Lieferung oder Abholung: <span class=\"wpforms-required-label\" aria-hidden=\"true\">*<\/span><\/legend><ul id=\"wpforms-1172-field_12\" class=\"wpforms-field-required\" data-choice-limit=\"1\"><li class=\"choice-1 depth-1\"><input type=\"checkbox\" id=\"wpforms-1172-field_12_1\" data-rule-check-limit=\"true\" name=\"wpforms[fields][12][]\" value=\"Lieferung\" aria-errormessage=\"wpforms-1172-field_12_1-error\" required ><label class=\"wpforms-field-label-inline\" for=\"wpforms-1172-field_12_1\">Lieferung<\/label><\/li><li class=\"choice-2 depth-1\"><input type=\"checkbox\" id=\"wpforms-1172-field_12_2\" data-rule-check-limit=\"true\" name=\"wpforms[fields][12][]\" value=\"Abholung\" aria-errormessage=\"wpforms-1172-field_12_2-error\" required ><label class=\"wpforms-field-label-inline\" for=\"wpforms-1172-field_12_2\">Abholung<\/label><\/li><\/ul><\/fieldset><\/div><div id=\"wpforms-1172-field_13-container\" class=\"wpforms-field wpforms-field-textarea\" data-field-id=\"13\"><label class=\"wpforms-field-label\" for=\"wpforms-1172-field_13\"> Falls die Lieferung an eine abweichende Adresse erfolgen soll, bitte hier eingeben. (optional) <\/label><textarea id=\"wpforms-1172-field_13\" class=\"wpforms-field-medium wpforms-limit-characters-enabled\" data-form-id=\"1172\" data-field-id=\"13\" data-text-limit=\"120\" name=\"wpforms[fields][13]\" aria-errormessage=\"wpforms-1172-field_13-error\" maxlength=\"120\" ><\/textarea><\/div><script>\n\t\t\t\t( function() {\n\t\t\t\t\tconst style = document.createElement( 'style' );\n\t\t\t\t\tstyle.appendChild( document.createTextNode( '#wpforms-1172-field_2-container { position: absolute !important; overflow: hidden !important; display: inline !important; height: 1px !important; width: 1px !important; z-index: -1000 !important; padding: 0 !important; } #wpforms-1172-field_2-container input { visibility: hidden; } #wpforms-conversational-form-page #wpforms-1172-field_2-container label { counter-increment: none; }' ) );\n\t\t\t\t\tdocument.head.appendChild( style );\n\t\t\t\t\tdocument.currentScript?.remove();\n\t\t\t\t} )();\n\t\t\t<\/script><\/div><!-- .wpforms-field-container --><div class=\"wpforms-recaptcha-container wpforms-is-recaptcha wpforms-is-recaptcha-type-v2\" ><div class=\"g-recaptcha\" data-sitekey=\"6LftxR8pAAAAAGnCMw6wAM6ytmKf9mHbhJYID0vL\"><\/div><input type=\"text\" name=\"g-recaptcha-hidden\" class=\"wpforms-recaptcha-hidden\" style=\"position:absolute!important;clip:rect(0,0,0,0)!important;height:1px!important;width:1px!important;border:0!important;overflow:hidden!important;padding:0!important;margin:0!important;\" data-rule-recaptcha=\"1\"><\/div><div class=\"wpforms-submit-container\" ><input type=\"hidden\" name=\"wpforms[id]\" value=\"1172\"><input type=\"hidden\" name=\"page_title\" value=\"\"><input type=\"hidden\" name=\"page_url\" value=\"https:\/\/www.holzundnatursteine.ch\/index.php?rest_route=\/wp\/v2\/pages\/1178\"><input type=\"hidden\" name=\"url_referer\" value=\"\"><button type=\"submit\" name=\"wpforms[submit]\" id=\"wpforms-submit-1172\" class=\"wpforms-submit\" data-alt-text=\"Wird gesendet\u00a0\u2026\" data-submit-text=\"Absenden\" aria-live=\"assertive\" value=\"wpforms-submit\">Absenden<\/button><img loading=\"lazy\" decoding=\"async\" src=\"https:\/\/www.holzundnatursteine.ch\/wp-content\/plugins\/wpforms-lite\/assets\/images\/submit-spin.svg\" class=\"wpforms-submit-spinner\" style=\"display: none;\" width=\"26\" height=\"26\" alt=\"Wird geladen\"><\/div><\/form><\/div>  <!-- .wpforms-container -->","protected":false},"excerpt":{"rendered":"","protected":false},"author":3,"featured_media":0,"parent":0,"menu_order":0,"comment_status":"closed","ping_status":"closed","template":"","meta":{"footnotes":""},"class_list":["post-1178","page","type-page","status-publish","hentry"],"_links":{"self":[{"href":"https:\/\/www.holzundnatursteine.ch\/index.php?rest_route=\/wp\/v2\/pages\/1178","targetHints":{"allow":["GET"]}}],"collection":[{"href":"https:\/\/www.holzundnatursteine.ch\/index.php?rest_route=\/wp\/v2\/pages"}],"about":[{"href":"https:\/\/www.holzundnatursteine.ch\/index.php?rest_route=\/wp\/v2\/types\/page"}],"author":[{"embeddable":true,"href":"https:\/\/www.holzundnatursteine.ch\/index.php?rest_route=\/wp\/v2\/users\/3"}],"replies":[{"embeddable":true,"href":"https:\/\/www.holzundnatursteine.ch\/index.php?rest_route=%2Fwp%2Fv2%2Fcomments&post=1178"}],"version-history":[{"count":3,"href":"https:\/\/www.holzundnatursteine.ch\/index.php?rest_route=\/wp\/v2\/pages\/1178\/revisions"}],"predecessor-version":[{"id":1883,"href":"https:\/\/www.holzundnatursteine.ch\/index.php?rest_route=\/wp\/v2\/pages\/1178\/revisions\/1883"}],"wp:attachment":[{"href":"https:\/\/www.holzundnatursteine.ch\/index.php?rest_route=%2Fwp%2Fv2%2Fmedia&parent=1178"}],"curies":[{"name":"wp","href":"https:\/\/api.w.org\/{rel}","templated":true}]}}